{"id":8270,"date":"2023-11-27T00:31:51","date_gmt":"2023-11-26T21:31:51","guid":{"rendered":"https:\/\/solartoday.gr\/?page_id=8270"},"modified":"2024-02-01T18:45:56","modified_gmt":"2024-02-01T16:45:56","slug":"contact","status":"publish","type":"page","link":"https:\/\/solartoday.gr\/en\/contact\/","title":{"rendered":"Contact"},"content":{"rendered":"\t\t<div data-elementor-type=\"wp-page\" data-elementor-id=\"8270\" class=\"elementor elementor-8270\">\n\t\t\t\t\t\t<div class=\"elementor-inner\">\n\t\t\t\t<div class=\"elementor-section-wrap\">\n\t\t\t\t\t\t\t        <section class=\"elementor-section elementor-top-section elementor-element elementor-element-1cc46ea elementor-section-full_width elementor-section-content-top elementor-section-stretched elementor-section-height-default elementor-section-height-default cms-full-content-with-space-none cms-boxed-bg-false\" data-id=\"1cc46ea\" data-element_type=\"section\" data-settings=\"{&quot;stretch_section&quot;:&quot;section-stretched&quot;}\">\n            \n            <div class=\"cms-section-boxed-bg\"><\/div>            <div class=\"elementor-container elementor-column-gap-no \">\n                            <div class=\"elementor-row\">\n                    <div class=\"elementor-column elementor-col-100 elementor-top-column elementor-element elementor-element-030bda4\" data-id=\"030bda4\" data-element_type=\"column\">\n            <div class=\"elementor-column-wrap elementor-element-populated\">\n                            <div class=\"elementor-widget-wrap\">\n                \t\t<div class=\"elementor-element elementor-element-ac8cb36 elementor-widget elementor-widget-image\" data-id=\"ac8cb36\" data-element_type=\"widget\" data-widget_type=\"image.default\">\n\t\t\t\t<div class=\"elementor-widget-container\">\n\t\t\t<style>\/*! elementor - v3.17.0 - 08-11-2023 *\/\n.elementor-widget-image{text-align:center}.elementor-widget-image a{display:inline-block}.elementor-widget-image a img[src$=\".svg\"]{width:48px}.elementor-widget-image img{vertical-align:middle;display:inline-block}<\/style>\t\t\t\t\t<div class=\"elementor-image\">\n\t\t\t\t\t\t\t\t\t\t\t\t<img decoding=\"async\" width=\"1920\" height=\"1121\" src=\"https:\/\/solartoday.gr\/wp-content\/uploads\/2023\/11\/iletisim-bf.jpg\" class=\"attachment-full size-full wp-image-8272\" alt=\"\" srcset=\"https:\/\/solartoday.gr\/wp-content\/uploads\/2023\/11\/iletisim-bf.jpg 1920w, https:\/\/solartoday.gr\/wp-content\/uploads\/2023\/11\/iletisim-bf-1536x897.jpg 1536w, https:\/\/solartoday.gr\/wp-content\/uploads\/2023\/11\/iletisim-bf-856x500.jpg 856w\" sizes=\"(max-width: 1920px) 100vw, 1920px\" \/>\t\t\t\t\t\t\t\t\t\t\t\t\t\t<\/div>\n\t\t\t\t\t\t<\/div>\n\t\t\t\t<\/div>\n\t\t                <\/div>\n                    <\/div>\n        <\/div>\n                                <\/div>\n                    <\/div>\n        <\/section>\n                <section class=\"elementor-section elementor-top-section elementor-element elementor-element-0081a1f elementor-section-boxed elementor-section-height-default elementor-section-height-default cms-full-content-with-space-none cms-boxed-bg-false\" data-id=\"0081a1f\" data-element_type=\"section\">\n            \n            <div class=\"cms-section-boxed-bg\"><\/div>            <div class=\"elementor-container elementor-column-gap-default \">\n                            <div class=\"elementor-row\">\n                    <div class=\"elementor-column elementor-col-33 elementor-top-column elementor-element elementor-element-9aece79\" data-id=\"9aece79\" data-element_type=\"column\" data-settings=\"{&quot;background_background&quot;:&quot;classic&quot;}\">\n            <div class=\"elementor-column-wrap elementor-element-populated\">\n                            <div class=\"elementor-widget-wrap\">\n                \t\t<div class=\"elementor-element elementor-element-b1004a5 cms-quick-contact-layout-10 contactBox1 elementor-widget elementor-widget-cms_quickcontact\" data-id=\"b1004a5\" data-element_type=\"widget\" data-widget_type=\"cms_quickcontact.default\">\n\t\t\t\t<div class=\"elementor-widget-container\">\n\t\t\t<div class=\"cms-qc-wrap\">\n\t<div class=\"cms-qc-inner p-30 p-lg-60\">\n\t\t<div class=\"row justify-content-center text-body\">\n\t\t\t\t\t<div class=\"cms-qc-list col-12 text-body\">\n\t\t\t\t<div class=\"row gutters-10 align-items-center\">\n\t\t\t\t\t<div class=\"col-auto empty-none\"><\/div>\n\t\t\t        <div class=\"col empty-none\">\n\t\t\t        \t<div>\n\t\t\t        \t\t<div class=\"cms-heading text-17 cms-contact-title empty-none\">SolarToday Greece<\/div>\n\t\t\t        \t\tVEPE TECHNOPOLIS, 555 35 Pylaia, Thessaloniki, Greece<\/div>\n\t\t\t        \t<div><div class=\"cms-heading text-17 cms-contact-title empty-none\">&nbsp;&nbsp;&nbsp;<\/div> <\/div>\n\t\t\t        <\/div>\n\t\t\t    <\/div>\n\t\t    <\/div>      \n\t\t\t\t\t<div class=\"cms-qc-list col-12 text-\">\n\t\t\t\t<div class=\"row gutters-10 align-items-center\">\n\t\t\t\t\t<div class=\"col-auto empty-none\"><\/div>\n\t\t\t        <div class=\"col empty-none\">\n\t\t\t        \t<div>\n\t\t\t        \t\t<div class=\"cms-heading text-17 cms-contact-title empty-none\">\t\t        \t\t\t\t<a href=\"mailto:info@solartoday.gr\">Email<\/div>\n\t\t\t        \t\tinfo@solartoday.gr<\/a><\/div>\n\t\t\t        \t<div><div class=\"cms-heading text-17 cms-contact-title empty-none\"><\/div> <\/div>\n\t\t\t        <\/div>\n\t\t\t    <\/div>\n\t\t    <\/div>      \n\t\t\t\t\t<div class=\"cms-qc-list col-12 text-\">\n\t\t\t\t<div class=\"row gutters-10 align-items-center\">\n\t\t\t\t\t<div class=\"col-auto empty-none\"><\/div>\n\t\t\t        <div class=\"col empty-none\">\n\t\t\t        \t<div>\n\t\t\t        \t\t<div class=\"cms-heading text-17 cms-contact-title empty-none\">Phone<\/div>\n\t\t\t        \t\t<\/div>\n\t\t\t        \t<div><div class=\"cms-heading text-17 cms-contact-title empty-none\"><\/div> + 30 212 000 22 77<\/div>\n\t\t\t        <\/div>\n\t\t\t    <\/div>\n\t\t    <\/div>      \n\t\t\t\t<\/div>\n\t\t\t<\/div>\n<\/div>\t\t<\/div>\n\t\t\t\t<\/div>\n\t\t                <\/div>\n                    <\/div>\n        <\/div>\n                <div class=\"elementor-column elementor-col-33 elementor-top-column elementor-element elementor-element-fd803da\" data-id=\"fd803da\" data-element_type=\"column\" data-settings=\"{&quot;background_background&quot;:&quot;classic&quot;}\">\n            <div class=\"elementor-column-wrap elementor-element-populated\">\n                            <div class=\"elementor-widget-wrap\">\n                \t\t<div class=\"elementor-element elementor-element-b110f3f cms-quick-contact-layout-10 contactBox2 elementor-widget elementor-widget-cms_quickcontact\" data-id=\"b110f3f\" data-element_type=\"widget\" data-widget_type=\"cms_quickcontact.default\">\n\t\t\t\t<div class=\"elementor-widget-container\">\n\t\t\t<div class=\"cms-qc-wrap\">\n\t<div class=\"cms-qc-inner p-30 p-lg-60\">\n\t\t<div class=\"row justify-content-center text-body\">\n\t\t\t\t\t<div class=\"cms-qc-list col-12 text-body\">\n\t\t\t\t<div class=\"row gutters-10 align-items-center\">\n\t\t\t\t\t<div class=\"col-auto empty-none\"><\/div>\n\t\t\t        <div class=\"col empty-none\">\n\t\t\t        \t<div>\n\t\t\t        \t\t<div class=\"cms-heading text-17 cms-contact-title empty-none\">SolarToday International<\/div>\n\t\t\t        \t\tDiakenhuisweg 43 2033 AP Haarlem The Netherlands<\/div>\n\t\t\t        \t<div><div class=\"cms-heading text-17 cms-contact-title empty-none\"><\/div> &nbsp;&nbsp;&nbsp;<\/div>\n\t\t\t        <\/div>\n\t\t\t    <\/div>\n\t\t    <\/div>      \n\t\t\t\t\t<div class=\"cms-qc-list col-12 text-\">\n\t\t\t\t<div class=\"row gutters-10 align-items-center\">\n\t\t\t\t\t<div class=\"col-auto empty-none\"><\/div>\n\t\t\t        <div class=\"col empty-none\">\n\t\t\t        \t<div>\n\t\t\t        \t\t<div class=\"cms-heading text-17 cms-contact-title empty-none\">\t\t        \t\t\t\t<a href=\"mailto:sales@solartoday.eu\">Email<\/div>\n\t\t\t        \t\tsales@solartoday.eu<\/a><\/div>\n\t\t\t        \t<div><div class=\"cms-heading text-17 cms-contact-title empty-none\"><\/div> <\/div>\n\t\t\t        <\/div>\n\t\t\t    <\/div>\n\t\t    <\/div>      \n\t\t\t\t\t<div class=\"cms-qc-list col-12 text-\">\n\t\t\t\t<div class=\"row gutters-10 align-items-center\">\n\t\t\t\t\t<div class=\"col-auto empty-none\"><\/div>\n\t\t\t        <div class=\"col empty-none\">\n\t\t\t        \t<div>\n\t\t\t        \t\t<div class=\"cms-heading text-17 cms-contact-title empty-none\">Phone<\/div>\n\t\t\t        \t\t+31 23 2061202<\/div>\n\t\t\t        \t<div><div class=\"cms-heading text-17 cms-contact-title empty-none\"><\/div> <\/div>\n\t\t\t        <\/div>\n\t\t\t    <\/div>\n\t\t    <\/div>      \n\t\t\t\t<\/div>\n\t\t\t<\/div>\n<\/div>\t\t<\/div>\n\t\t\t\t<\/div>\n\t\t                <\/div>\n                    <\/div>\n        <\/div>\n                <div class=\"elementor-column elementor-col-33 elementor-top-column elementor-element elementor-element-f57c9d7\" data-id=\"f57c9d7\" data-element_type=\"column\">\n            <div class=\"elementor-column-wrap elementor-element-populated\">\n                            <div class=\"elementor-widget-wrap\">\n                \t\t<div class=\"elementor-element elementor-element-3db5e8f cms-quick-contact-layout-10 contactBox3 elementor-widget elementor-widget-cms_quickcontact\" data-id=\"3db5e8f\" data-element_type=\"widget\" data-widget_type=\"cms_quickcontact.default\">\n\t\t\t\t<div class=\"elementor-widget-container\">\n\t\t\t<div class=\"cms-qc-wrap\">\n\t<div class=\"cms-qc-inner p-30 p-lg-60\">\n\t\t<div class=\"row justify-content-center text-body\">\n\t\t\t\t\t<div class=\"cms-qc-list col-12 text-body\">\n\t\t\t\t<div class=\"row gutters-10 align-items-center\">\n\t\t\t\t\t<div class=\"col-auto empty-none\"><\/div>\n\t\t\t        <div class=\"col empty-none\">\n\t\t\t        \t<div>\n\t\t\t        \t\t<div class=\"cms-heading text-17 cms-contact-title empty-none\">SolarToday Turkiye<\/div>\n\t\t\t        \t\tPoligon Mah. Sariyer Cad. ABC Plaza Sitesi No:117\/B \u0130\u00e7 Kap\u0131 No:2 Sariyer \/ \u0130stanbul<\/div>\n\t\t\t        \t<div><div class=\"cms-heading text-17 cms-contact-title empty-none\"><\/div> <\/div>\n\t\t\t        <\/div>\n\t\t\t    <\/div>\n\t\t    <\/div>      \n\t\t\t\t\t<div class=\"cms-qc-list col-12 text-\">\n\t\t\t\t<div class=\"row gutters-10 align-items-center\">\n\t\t\t\t\t<div class=\"col-auto empty-none\"><\/div>\n\t\t\t        <div class=\"col empty-none\">\n\t\t\t        \t<div>\n\t\t\t        \t\t<div class=\"cms-heading text-17 cms-contact-title empty-none\">\t\t        \t\t\t\t<a href=\"mailto:info@solartoday.com.tr\">Email<\/div>\n\t\t\t        \t\tinfo@solartoday.com.tr<\/a><\/div>\n\t\t\t        \t<div><div class=\"cms-heading text-17 cms-contact-title empty-none\"><\/div> <\/div>\n\t\t\t        <\/div>\n\t\t\t    <\/div>\n\t\t    <\/div>      \n\t\t\t\t\t<div class=\"cms-qc-list col-12 text-\">\n\t\t\t\t<div class=\"row gutters-10 align-items-center\">\n\t\t\t\t\t<div class=\"col-auto empty-none\"><\/div>\n\t\t\t        <div class=\"col empty-none\">\n\t\t\t        \t<div>\n\t\t\t        \t\t<div class=\"cms-heading text-17 cms-contact-title empty-none\">Phone<\/div>\n\t\t\t        \t\t+90 212 277 33 60<\/div>\n\t\t\t        \t<div><div class=\"cms-heading text-17 cms-contact-title empty-none\"><\/div> <\/div>\n\t\t\t        <\/div>\n\t\t\t    <\/div>\n\t\t    <\/div>      \n\t\t\t\t<\/div>\n\t\t\t<\/div>\n<\/div>\t\t<\/div>\n\t\t\t\t<\/div>\n\t\t                <\/div>\n                    <\/div>\n        <\/div>\n                                <\/div>\n                    <\/div>\n        <\/section>\n                <section class=\"elementor-section elementor-top-section elementor-element elementor-element-bc22ed2 elementor-section-boxed elementor-section-height-default elementor-section-height-default cms-full-content-with-space-none cms-boxed-bg-false\" data-id=\"bc22ed2\" data-element_type=\"section\">\n            \n            <div class=\"cms-section-boxed-bg\"><\/div>            <div class=\"elementor-container elementor-column-gap-default \">\n                            <div class=\"elementor-row\">\n                    <div class=\"elementor-column elementor-col-100 elementor-top-column elementor-element elementor-element-4116d75\" data-id=\"4116d75\" data-element_type=\"column\">\n            <div class=\"elementor-column-wrap\">\n                            <div class=\"elementor-widget-wrap\">\n                                <\/div>\n                    <\/div>\n        <\/div>\n                                <\/div>\n                    <\/div>\n        <\/section>\n        \t\t\t\t\t\t\t<\/div>\n\t\t\t<\/div>\n\t\t\t\t\t<\/div>\n\t\t","protected":false},"excerpt":{"rendered":"<p>SolarToday Greece VEPE TECHNOPOLIS, 555 35 Pylaia, Thessaloniki, Greece &nbsp;&nbsp;&nbsp; Email info@solartoday.gr Phone + 30 212 000 22 77 SolarToday International Diakenhuisweg 43 2033 AP Haarlem The Netherlands &nbsp;&nbsp;&nbsp; Email sales@solartoday.eu Phone +31 23 2061202 SolarToday Turkiye Poligon Mah. Sariyer Cad. ABC Plaza Sitesi No:117\/B \u0130\u00e7 Kap\u0131 No:2 Sariyer \/ \u0130stanbul Email info@solartoday.com.tr Phone +90 [&hellip;]<\/p>\n","protected":false},"author":1,"featured_media":0,"parent":0,"menu_order":0,"comment_status":"closed","ping_status":"closed","template":"","meta":{"footnotes":""},"class_list":["post-8270","page","type-page","status-publish","hentry","cms-has-post-thumbnail"],"_links":{"self":[{"href":"https:\/\/solartoday.gr\/en\/wp-json\/wp\/v2\/pages\/8270","targetHints":{"allow":["GET"]}}],"collection":[{"href":"https:\/\/solartoday.gr\/en\/wp-json\/wp\/v2\/pages"}],"about":[{"href":"https:\/\/solartoday.gr\/en\/wp-json\/wp\/v2\/types\/page"}],"author":[{"embeddable":true,"href":"https:\/\/solartoday.gr\/en\/wp-json\/wp\/v2\/users\/1"}],"replies":[{"embeddable":true,"href":"https:\/\/solartoday.gr\/en\/wp-json\/wp\/v2\/comments?post=8270"}],"version-history":[{"count":13,"href":"https:\/\/solartoday.gr\/en\/wp-json\/wp\/v2\/pages\/8270\/revisions"}],"predecessor-version":[{"id":8546,"href":"https:\/\/solartoday.gr\/en\/wp-json\/wp\/v2\/pages\/8270\/revisions\/8546"}],"wp:attachment":[{"href":"https:\/\/solartoday.gr\/en\/wp-json\/wp\/v2\/media?parent=8270"}],"curies":[{"name":"wp","href":"https:\/\/api.w.org\/{rel}","templated":true}]}}